{"id":54,"date":"2020-04-01T21:50:52","date_gmt":"2020-04-01T21:50:52","guid":{"rendered":"http:\/\/vocalensemble-brilon.de\/?page_id=54"},"modified":"2025-03-24T15:21:49","modified_gmt":"2025-03-24T15:21:49","slug":"wir-ueber-uns","status":"publish","type":"page","link":"https:\/\/vocalensemble-brilon.de\/?page_id=54","title":{"rendered":"Wir \u00fcber uns"},"content":{"rendered":"\n<h1 class=\"wp-block-heading\">Vocalensemble Brilon<\/h1>\n\n\n\n<p><strong>Wer sind wir?<\/strong><\/p>\n\n\n\n<p>Das Vocalensemble, ein gemischter Chor, wurde 2004 gegr\u00fcndet. Der Chor wird von der Kirchenmusikerin Christine Wallnau-Toepfer geleitet.<\/p>\n\n\n\n<p><strong>Was singen wir?<\/strong><\/p>\n\n\n\n<p>Wir singen geistliche Musik (Klassik und Gospel), aber auch weltliches Programm (Film- und Musicalmusik). Stets sind wir bem\u00fcht unser Repertoire zu vergr\u00f6\u00dfern.<\/p>\n\n\n\n<p><strong>Wann und wo proben wir?<\/strong><\/p>\n\n\n\n<p>Wir Proben in der Regel jeden  Dienstag  von 19.30 bis 21:00 Uhr im Haus der Musik, Heinrich-Jansen-Weg 8,  Brilon <\/p>\n\n\n\n<p><strong>Wer kann mitmachen?<\/strong><\/p>\n\n\n\n<p>Wenn Sie gerne singen, vielleicht bereits&nbsp;Chorerfahrung haben, Musik Ihre Leidenschaft ist und diese in einer Gemeinschaft mit richtig netten S\u00e4ngerinnen und S\u00e4ngern&nbsp;einbringen m\u00f6chten, sind Sie bei uns genau richtig. Da unser musikalisches&nbsp;Repertoire vielseitig ist, ist f\u00fcr jeden Geschmack etwas dabei.<\/p>\n\n\n\n<p>Neugierig geworden? Dann melden Sie sich doch bei uns.<\/p>\n\n\n\n<p><strong>Infos unter: 02963-967989 <\/strong><\/p>\n\n\n\n<p><\/p>\n","protected":false},"excerpt":{"rendered":"<p>Vocalensemble Brilon Wer sind wir? Das Vocalensemble, ein gemischter Chor, wurde 2004 gegr\u00fcndet. Der Chor wird von der Kirchenmusikerin Christine Wallnau-Toepfer geleitet. Was singen wir? Wir singen geistliche Musik (Klassik und Gospel), aber auch weltliches Programm (Film- und Musicalmusik). Stets sind wir bem\u00fcht unser Repertoire zu vergr\u00f6\u00dfern. Wann und wo proben wir? Wir Proben in &hellip; <\/p>\n<p class=\"link-more\"><a href=\"https:\/\/vocalensemble-brilon.de\/?page_id=54\" class=\"more-link\"><span class=\"screen-reader-text\">\u201eWir \u00fcber uns\u201c <\/span>weiterlesen<\/a><\/p>\n","protected":false},"author":1,"featured_media":0,"parent":0,"menu_order":0,"comment_status":"closed","ping_status":"closed","template":"","meta":{"footnotes":""},"class_list":["post-54","page","type-page","status-publish","hentry"],"yoast_head":"<!-- This site is optimized with the Yoast SEO plugin v27.3 - https:\/\/yoast.com\/product\/yoast-seo-wordpress\/ -->\n<title>Wir \u00fcber uns - Vocalensemble Brilon<\/title>\n<meta name=\"robots\" content=\"index, follow, max-snippet:-1, max-image-preview:large, max-video-preview:-1\" \/>\n<link rel=\"canonical\" href=\"https:\/\/vocalensemble-brilon.de\/?page_id=54\" \/>\n<meta property=\"og:locale\" content=\"de_DE\" \/>\n<meta property=\"og:type\" content=\"article\" \/>\n<meta property=\"og:title\" content=\"Wir \u00fcber uns - Vocalensemble Brilon\" \/>\n<meta property=\"og:description\" content=\"Vocalensemble Brilon Wer sind wir? Das Vocalensemble, ein gemischter Chor, wurde 2004 gegr\u00fcndet. Der Chor wird von der Kirchenmusikerin Christine Wallnau-Toepfer geleitet. Was singen wir? Wir singen geistliche Musik (Klassik und Gospel), aber auch weltliches Programm (Film- und Musicalmusik). Stets sind wir bem\u00fcht unser Repertoire zu vergr\u00f6\u00dfern. Wann und wo proben wir? Wir Proben in &hellip; \u201eWir \u00fcber uns\u201c weiterlesen\" \/>\n<meta property=\"og:url\" content=\"https:\/\/vocalensemble-brilon.de\/?page_id=54\" \/>\n<meta property=\"og:site_name\" content=\"Vocalensemble Brilon\" \/>\n<meta property=\"article:modified_time\" content=\"2025-03-24T15:21:49+00:00\" \/>\n<meta name=\"twitter:card\" content=\"summary_large_image\" \/>\n<meta name=\"twitter:label1\" content=\"Gesch\u00e4tzte Lesezeit\" \/>\n\t<meta name=\"twitter:data1\" content=\"1\u00a0Minute\" \/>\n<script type=\"application\/ld+json\" class=\"yoast-schema-graph\">{\"@context\":\"https:\\\/\\\/schema.org\",\"@graph\":[{\"@type\":\"WebPage\",\"@id\":\"https:\\\/\\\/vocalensemble-brilon.de\\\/?page_id=54\",\"url\":\"https:\\\/\\\/vocalensemble-brilon.de\\\/?page_id=54\",\"name\":\"Wir \u00fcber uns - Vocalensemble Brilon\",\"isPartOf\":{\"@id\":\"https:\\\/\\\/vocalensemble-brilon.de\\\/#website\"},\"datePublished\":\"2020-04-01T21:50:52+00:00\",\"dateModified\":\"2025-03-24T15:21:49+00:00\",\"breadcrumb\":{\"@id\":\"https:\\\/\\\/vocalensemble-brilon.de\\\/?page_id=54#breadcrumb\"},\"inLanguage\":\"de\",\"potentialAction\":[{\"@type\":\"ReadAction\",\"target\":[\"https:\\\/\\\/vocalensemble-brilon.de\\\/?page_id=54\"]}]},{\"@type\":\"BreadcrumbList\",\"@id\":\"https:\\\/\\\/vocalensemble-brilon.de\\\/?page_id=54#breadcrumb\",\"itemListElement\":[{\"@type\":\"ListItem\",\"position\":1,\"name\":\"Startseite\",\"item\":\"https:\\\/\\\/vocalensemble-brilon.de\\\/\"},{\"@type\":\"ListItem\",\"position\":2,\"name\":\"Wir \u00fcber uns\"}]},{\"@type\":\"WebSite\",\"@id\":\"https:\\\/\\\/vocalensemble-brilon.de\\\/#website\",\"url\":\"https:\\\/\\\/vocalensemble-brilon.de\\\/\",\"name\":\"Vocalensemble Brilon\",\"description\":\"\",\"potentialAction\":[{\"@type\":\"SearchAction\",\"target\":{\"@type\":\"EntryPoint\",\"urlTemplate\":\"https:\\\/\\\/vocalensemble-brilon.de\\\/?s={search_term_string}\"},\"query-input\":{\"@type\":\"PropertyValueSpecification\",\"valueRequired\":true,\"valueName\":\"search_term_string\"}}],\"inLanguage\":\"de\"}]}<\/script>\n<!-- \/ Yoast SEO plugin. -->","yoast_head_json":{"title":"Wir \u00fcber uns - Vocalensemble Brilon","robots":{"index":"index","follow":"follow","max-snippet":"max-snippet:-1","max-image-preview":"max-image-preview:large","max-video-preview":"max-video-preview:-1"},"canonical":"https:\/\/vocalensemble-brilon.de\/?page_id=54","og_locale":"de_DE","og_type":"article","og_title":"Wir \u00fcber uns - Vocalensemble Brilon","og_description":"Vocalensemble Brilon Wer sind wir? Das Vocalensemble, ein gemischter Chor, wurde 2004 gegr\u00fcndet. Der Chor wird von der Kirchenmusikerin Christine Wallnau-Toepfer geleitet. Was singen wir? Wir singen geistliche Musik (Klassik und Gospel), aber auch weltliches Programm (Film- und Musicalmusik). Stets sind wir bem\u00fcht unser Repertoire zu vergr\u00f6\u00dfern. Wann und wo proben wir? Wir Proben in &hellip; \u201eWir \u00fcber uns\u201c weiterlesen","og_url":"https:\/\/vocalensemble-brilon.de\/?page_id=54","og_site_name":"Vocalensemble Brilon","article_modified_time":"2025-03-24T15:21:49+00:00","twitter_card":"summary_large_image","twitter_misc":{"Gesch\u00e4tzte Lesezeit":"1\u00a0Minute"},"schema":{"@context":"https:\/\/schema.org","@graph":[{"@type":"WebPage","@id":"https:\/\/vocalensemble-brilon.de\/?page_id=54","url":"https:\/\/vocalensemble-brilon.de\/?page_id=54","name":"Wir \u00fcber uns - Vocalensemble Brilon","isPartOf":{"@id":"https:\/\/vocalensemble-brilon.de\/#website"},"datePublished":"2020-04-01T21:50:52+00:00","dateModified":"2025-03-24T15:21:49+00:00","breadcrumb":{"@id":"https:\/\/vocalensemble-brilon.de\/?page_id=54#breadcrumb"},"inLanguage":"de","potentialAction":[{"@type":"ReadAction","target":["https:\/\/vocalensemble-brilon.de\/?page_id=54"]}]},{"@type":"BreadcrumbList","@id":"https:\/\/vocalensemble-brilon.de\/?page_id=54#breadcrumb","itemListElement":[{"@type":"ListItem","position":1,"name":"Startseite","item":"https:\/\/vocalensemble-brilon.de\/"},{"@type":"ListItem","position":2,"name":"Wir \u00fcber uns"}]},{"@type":"WebSite","@id":"https:\/\/vocalensemble-brilon.de\/#website","url":"https:\/\/vocalensemble-brilon.de\/","name":"Vocalensemble Brilon","description":"","potentialAction":[{"@type":"SearchAction","target":{"@type":"EntryPoint","urlTemplate":"https:\/\/vocalensemble-brilon.de\/?s={search_term_string}"},"query-input":{"@type":"PropertyValueSpecification","valueRequired":true,"valueName":"search_term_string"}}],"inLanguage":"de"}]}},"_links":{"self":[{"href":"https:\/\/vocalensemble-brilon.de\/index.php?rest_route=\/wp\/v2\/pages\/54","targetHints":{"allow":["GET"]}}],"collection":[{"href":"https:\/\/vocalensemble-brilon.de\/index.php?rest_route=\/wp\/v2\/pages"}],"about":[{"href":"https:\/\/vocalensemble-brilon.de\/index.php?rest_route=\/wp\/v2\/types\/page"}],"author":[{"embeddable":true,"href":"https:\/\/vocalensemble-brilon.de\/index.php?rest_route=\/wp\/v2\/users\/1"}],"replies":[{"embeddable":true,"href":"https:\/\/vocalensemble-brilon.de\/index.php?rest_route=%2Fwp%2Fv2%2Fcomments&post=54"}],"version-history":[{"count":6,"href":"https:\/\/vocalensemble-brilon.de\/index.php?rest_route=\/wp\/v2\/pages\/54\/revisions"}],"predecessor-version":[{"id":412,"href":"https:\/\/vocalensemble-brilon.de\/index.php?rest_route=\/wp\/v2\/pages\/54\/revisions\/412"}],"wp:attachment":[{"href":"https:\/\/vocalensemble-brilon.de\/index.php?rest_route=%2Fwp%2Fv2%2Fmedia&parent=54"}],"curies":[{"name":"wp","href":"https:\/\/api.w.org\/{rel}","templated":true}]}}