{"id":4,"date":"2020-04-01T21:12:28","date_gmt":"2020-04-01T21:12:28","guid":{"rendered":"http:\/\/vocalensemble-brilon.de\/willkommen-auf-http-vocalensemble-brilon-de"},"modified":"2025-11-05T14:02:37","modified_gmt":"2025-11-05T14:02:37","slug":"willkommen-auf-http-vocalensemble-brilon-de","status":"publish","type":"page","link":"https:\/\/vocalensemble-brilon.de\/","title":{"rendered":"Startseite"},"content":{"rendered":"<ul class=\"wp-block-latest-posts__list wp-block-latest-posts\"><\/ul>\n\n\n<div class=\"wp-block-group\"><div class=\"wp-block-group__inner-container is-layout-constrained wp-block-group-is-layout-constrained\"><\/div><\/div>\n\n\n\n<h4 class=\"wp-block-heading\">Herz-Kammermusik<\/h4>\n<h6>\u201eDu bist mir so unendlich lieb\u201c &#8211; eine musikalisch-literarische Reise durch das Leben dreier romantischer Seelen: Ehepaar Clara und Robert Schumann sowie ihr Weggef\u00e4hrte Johannes Brahms.<\/h6>\n<p>Kompositionen f\u00fcr Gesang und Klavier sowie Ausz\u00fcge aus Briefen und Tageb\u00fcchern lassen die Licht- und Schattenseiten dieser drei Seelenverwandten lebendig werden.\nFreuen Sie sich auf Liebeslieder-Walzer, Klaviermusik zu vier H\u00e4nden, Werke f\u00fcr Sologesang sowie auf Chorwerke und literarische Zeugnisse dieser Zeit und kommen Sie in der Pause bei einem k\u00fchlen Getr\u00e4nk gemeinsam ins Gespr\u00e4ch.\n<\/p>\n\n\n\n<figure class=\"wp-block-image size-large\"><img loading=\"lazy\" decoding=\"async\" width=\"726\" height=\"1024\" src=\"https:\/\/vocalensemble-brilon.de\/wp-content\/uploads\/2025\/11\/Herz-Kammermusik_Plakat-726x1024.jpg\" alt=\"\" class=\"wp-image-446\" srcset=\"https:\/\/vocalensemble-brilon.de\/wp-content\/uploads\/2025\/11\/Herz-Kammermusik_Plakat-726x1024.jpg 726w, https:\/\/vocalensemble-brilon.de\/wp-content\/uploads\/2025\/11\/Herz-Kammermusik_Plakat-213x300.jpg 213w, https:\/\/vocalensemble-brilon.de\/wp-content\/uploads\/2025\/11\/Herz-Kammermusik_Plakat-768x1083.jpg 768w, https:\/\/vocalensemble-brilon.de\/wp-content\/uploads\/2025\/11\/Herz-Kammermusik_Plakat.jpg 1080w\" sizes=\"auto, (max-width: 726px) 100vw, 726px\" \/><\/figure>\n\n\n<p><span style=\"color: #808080;\"><strong>Sonntag, 23. November 2025 um 17 Uhr im B\u00fcrgerzentrum Kolpinghaus Brilon <\/strong><strong>(<\/strong><strong>Propst-Meyer-Str. 7, 59929 Brilon)<\/strong><\/span><\/p>\n\n\n<p>Beate Ritter \u2013 Rezitation<\/br>\nPetra Klompmaker \u2013 Mezzosopran<\/br>\nSonja Harlinghausen-Br\u00fcggemann und Felix Br\u00fcggemann \u2013 Klavier zu vier H\u00e4nden<\/br>\nVocalensemble Brilon &#8211; Leitung: Christine Wallnau-Toepfer<\/br>\nIdee und Konzeption: Sonja Harlinghausen-Br\u00fcggemann<\/p>\n<hr>\n\n\n\n<div class=\"wp-block-group\"><div class=\"wp-block-group__inner-container is-layout-constrained wp-block-group-is-layout-constrained\">\n<div class=\"wp-block-group\"><div class=\"wp-block-group__inner-container is-layout-constrained wp-block-group-is-layout-constrained\">\n<h4 class=\"wp-block-heading\">Dona nobis pacem \u2013 Krieg und Frieden im Dialog<\/h4>\n<p>Das Vocalensemble Brilon bringt sein Konzertprogramm \u201eDona nobis pacem \u2013 Krieg und Frieden im Dialog\u201c aus dem Jahr 2024 noch einmal zur Auff\u00fchrung.<\/p>\n\n\n\n<p><span style=\"color: #808080;\"><strong>Sonntag, 11. Mai 2025 um 17 Uhr in der <\/strong><strong>Nikolaikirche Korbach (Kirchstra\u00dfe, 34497 Korbach)<\/strong><\/span><\/p>\n\n\n\n<p>Beate Ritter \u2013 Rezitation<\/br>\nPetra Klompmaker \u2013 Mezzosopran<\/br>\nSonja Harlinghausen-Br\u00fcggemann \u2013 Klavier<\/br>\nChristine Wallnau-Toepfer \u2013 Gesamtleitung<\/p>\n<hr>\n<\/div><\/div>\n<\/div><\/div>\n\n\n\n<figure class=\"wp-block-image size-large\"><img loading=\"lazy\" decoding=\"async\" width=\"724\" height=\"1024\" src=\"https:\/\/vocalensemble-brilon.de\/wp-content\/uploads\/2024\/10\/Vocalensemble-Brilon_Plakat_Dona-nobis-Pacem-2024_Bigge-Bestwig_web-2-724x1024.png\" alt=\"\" class=\"wp-image-319\" srcset=\"https:\/\/vocalensemble-brilon.de\/wp-content\/uploads\/2024\/10\/Vocalensemble-Brilon_Plakat_Dona-nobis-Pacem-2024_Bigge-Bestwig_web-2-724x1024.png 724w, https:\/\/vocalensemble-brilon.de\/wp-content\/uploads\/2024\/10\/Vocalensemble-Brilon_Plakat_Dona-nobis-Pacem-2024_Bigge-Bestwig_web-2-212x300.png 212w, https:\/\/vocalensemble-brilon.de\/wp-content\/uploads\/2024\/10\/Vocalensemble-Brilon_Plakat_Dona-nobis-Pacem-2024_Bigge-Bestwig_web-2-768x1086.png 768w, https:\/\/vocalensemble-brilon.de\/wp-content\/uploads\/2024\/10\/Vocalensemble-Brilon_Plakat_Dona-nobis-Pacem-2024_Bigge-Bestwig_web-2-1086x1536.png 1086w, https:\/\/vocalensemble-brilon.de\/wp-content\/uploads\/2024\/10\/Vocalensemble-Brilon_Plakat_Dona-nobis-Pacem-2024_Bigge-Bestwig_web-2-1448x2048.png 1448w\" sizes=\"auto, (max-width: 724px) 100vw, 724px\" \/><\/figure>\n\n\n\n<h4 class=\"wp-block-heading\">Dona nobis pacem \u2013 Krieg und Frieden im Dialog<\/h4>\n\n\n\n<p>Das Vocalensemble Brilon bringt sein aktuelles Konzertprogramm \u201eDona nobis pacem \u2013 Krieg und Frieden im Dialog\u201c an zwei Sonntagen im November zur Auff\u00fchrung.<\/p>\n\n\n\n<p>Das erste Konzert findet statt am 17. November 2024 um 16:30 Uhr im Bergkloster Bestwig.\nDie zweite Gelegenheit, das Programm zu erleben, folgt am 24. November 2024 um 18:00 Uhr in der Pfarrkirche St. Martinus Bigge. Der Eintritt zu beiden Konzerten ist frei, Spenden sind herzlich willkommen.<\/p>\n\n\n\n<p>Im Mittelpunkt des Programmes stehen bedeutende Kompositionen f\u00fcr gemischten Chor aus unterschiedlichen Epochen sowie eindrucksvolle Wortbeitr\u00e4ge, die sich mit den Themen Krieg, Frieden und Hoffnung auseinandersetzen.<\/p>\n\n\n\n<p>Neben Chorwerken von Heinrich Sch\u00fctz, Felix Mendelssohn Bartholdy und John Rutter erklingen Teile aus Wolfgang Amadeus Mozarts \u201eRequiem in d-Moll\u201c (KV 626) sowie die bewegende, vier- bis siebenstimmige Trauermotette \u201eWie liegt die Stadt so w\u00fcst\u201c, komponiert von Rudolf Mauersberger. Die Urauff\u00fchrung dieser Komposition fand am 4. August 1945 in der v\u00f6llig ausgebrannten Kreuzkirche in Dresden statt.<\/p>\n\n\n\n<p>1840 vertonte Felix Mendelssohn Bartholdy auf Wunsch des englischen Dichters Charles B. Broadley drei seiner geistlichen Texte im Ton der englischen Verse Anthems. Kurze Zeit sp\u00e4ter lie\u00df Mendelssohn diese mit deutschem statt englischem Text als \u201eDrei geistliche Lieder\u201c f\u00fcr Solo, Chor und Orgel ver\u00f6ffentlichen. Als Solistin tritt die Mezzosopranistin Petra Klompmaker aus den Reihen des Vocalensembles hervor.<\/p>\n\n\n\n<p>Insbesondere die 5-stimmige Motette \u201eVerleih uns Frieden gen\u00e4diglich\u201c von Heinrich Sch\u00fctz, die Choralkomposition \u201eThe Lord bless you and keep you\u201c des britischen Musikers John Rutter und der bekannte Kanon \u201eDona nobis pacem\u201c verleihen dem Programm eine segensreiche Note.<\/p>\n\n\n\n<p>Unterst\u00fctzt wird das Vocalensemble Brilon von Pianistin Sonja Harlinghausen-Br\u00fcggemann, die seit vielen Jahren eine enge Zusammenarbeit mit dem Chor pflegt.<\/p>\n\n\n\n<p>Schauspielerin und Sprecherin Beate Ritter bereichert mit Textvortr\u00e4gen den musikalischen Rahmen auf einzigartige Weise. Ihre tief ber\u00fchrenden und mit eindrucksvoller Stimme vorgetragenen Rezitationen machen die Gegens\u00e4tze und Hoffnungen in Zeiten von Krieg und Frieden auf einer weiteren, eindringlichen Ebene erfahrbar. Das mit gro\u00dfer Sorgfalt ausgew\u00e4hlte Programm l\u00e4dt ein zum Innehalten und zur Reflexion \u00fcber die Kraft der Musik und Literatur.<\/p>\n\n\n\n<hr class=\"wp-block-separator has-alpha-channel-opacity\"\/>\n\n\n\n<p><strong>03.03.2024 um 20:00 Uhr<\/strong><\/p>\n\n\n\n<p><strong>Kerzenkonzert 2024 Brilon Nikolaikirche<\/strong><\/p>\n\n\n\n<h2 class=\"wp-block-heading\"><img loading=\"lazy\" decoding=\"async\" width=\"1161\" height=\"1552\" class=\"wp-image-270\" style=\"width: 1161px;\" src=\"https:\/\/vocalensemble-brilon.de\/wp-content\/uploads\/2024\/03\/IMG-20240228-WA0000-1.jpg\" alt=\"\" srcset=\"https:\/\/vocalensemble-brilon.de\/wp-content\/uploads\/2024\/03\/IMG-20240228-WA0000-1.jpg 1197w, https:\/\/vocalensemble-brilon.de\/wp-content\/uploads\/2024\/03\/IMG-20240228-WA0000-1-224x300.jpg 224w, https:\/\/vocalensemble-brilon.de\/wp-content\/uploads\/2024\/03\/IMG-20240228-WA0000-1-766x1024.jpg 766w, https:\/\/vocalensemble-brilon.de\/wp-content\/uploads\/2024\/03\/IMG-20240228-WA0000-1-768x1027.jpg 768w, https:\/\/vocalensemble-brilon.de\/wp-content\/uploads\/2024\/03\/IMG-20240228-WA0000-1-1149x1536.jpg 1149w\" sizes=\"auto, (max-width: 767px) 89vw, (max-width: 1000px) 54vw, (max-width: 1071px) 543px, 580px\" \/><\/h2>\n\n\n\n<figure class=\"wp-block-gallery has-nested-images columns-default is-cropped wp-block-gallery-2 is-layout-flex wp-block-gallery-is-layout-flex\"><\/figure>\n\n\n\n<blockquote class=\"wp-block-quote is-layout-flow wp-block-quote-is-layout-flow\">\n<h4 class=\"wp-block-heading has-medium-font-size\" style=\"font-style:normal;font-weight:400\"><strong>20 Jahre Vocalensemble Brilon<\/strong><\/h4>\n\n\n\n<p style=\"font-size:16px;font-style:normal;font-weight:400\"><strong>140. Kerzenkonzert in der Nikolaikirche am Sonntag, 3. M\u00e4rz 2024<\/strong><\/p>\n\n\n\n<div class=\"wp-block-group\" style=\"font-size:16px\"><div class=\"wp-block-group__inner-container is-layout-constrained wp-block-group-is-layout-constrained\">\n<div class=\"wp-block-group\"><div class=\"wp-block-group__inner-container is-layout-constrained wp-block-group-is-layout-constrained\">\n<ul class=\"wp-block-list\">\n<li class=\"has-small-font-size\" style=\"font-style:normal;font-weight:400\"><a href=\"https:\/\/brilon-totallokal.de\/author\/ulrichtrommer\/\"><\/a>ULRICH TROMMER, 15. FEBRUAR 2024<\/li>\n\n\n\n<li class=\"has-small-font-size\" style=\"font-style:normal;font-weight:400\"><\/li>\n\n\n\n<li class=\"color: black has-black-color has-text-color has-link-color wp-elements-fe9fe9308a5dbf342a082de0a5436110\" style=\"font-style:normal;font-weight:400\">Anl\u00e4sslich seines 20-j\u00e4hrigen Bestehens gestaltet das Vocalensemble Brilon unter der Leitung von Christine Wallnau-Toepfer am Sonntag, 3. M\u00e4rz 2024 um 20 Uhr das 140. Kerzenkonzert in der Nikolaikirche Brilon. Das Vocalensemble hat ein vielseitiges Repertoire und war bereits in den Jahren 2010 und 2014 im Rahmen der Kerzenkonzerte in der Nikolaikirche zu Gast.<\/li>\n<\/ul>\n\n\n\n<p class=\"has-black-color has-text-color has-link-color wp-elements-d6180ef98d4c0ab07cc07777b0ab12f9\" style=\"font-style:normal;font-weight:400\">F\u00fcr das bevorstehende Konzert konnten neben der Pianistin Sonja Harlinghausen-Br\u00fcggemann als weitere Mitwirkende das Morgenstern Quartett und die Sopranistin Carolina Hense Moreno gewonnen werden.<\/p>\n\n\n\n<p class=\"has-black-color has-text-color has-link-color wp-elements-cc79a5c677c9b84c6a89c57e07f572bc\" style=\"font-style:normal;font-weight:400\">Die vier Musikerinnen des Morgenstern Quartetts verbindet die Leidenschaft f\u00fcr das Quartettspiel. Dabei widmen sie sich neben der klassischen und romantischen Literatur auch den Werken moderner Komponisten wie Pyarelal Sharma, John Williams und Philip Glass. Sie konzertierten nach ihrem Studium an Hochschulen in Rostock, Alma-Ata, Barnaul und Dresden mit verschiedenen Ensembles in Italien, Frankreich und Ungarn. Das Streichquartett bekommt immer wieder musikalische Impulse von bekannten Geigern wie Daniel Draganov von der Deutschen Oper Berlin oder Prof. Christian Sikorski von der Musikhochschule Stuttgart und Gr\u00fcnder des Sikorski-Quartetts.<\/p>\n\n\n\n<p class=\"has-black-color has-text-color has-link-color wp-elements-ea62e47f57e417c2c08fb51d6135d272\" style=\"font-style:normal;font-weight:400\">Die Sopranistin Carolina Hense Moreno ist 16 Jahre jung und besucht das Ev. Stift. Gymnasium in G\u00fctersloh. Seit ihrem 10. Lebensjahr nimmt sie Gesangsunterricht bei Gudrun Elpert-Resch an der Musikschule f\u00fcr den Kreis G\u00fctersloh. Mit ihrem leuchtkr\u00e4ftigen, instrumental gef\u00fchrten Sopran war sie bereits mehrfach Preistr\u00e4gerin bei \u201eJugend musiziert\u201c, zuletzt beim Bundeswettbewerb in Zwickau. Dar\u00fcber hinaus geh\u00f6rt sie der Talentakademie OWL an.<\/p>\n\n\n\n<p class=\"has-black-color has-text-color has-link-color wp-elements-b033ac4b580dcab080edc9e584a3fb0d\" style=\"font-style:normal;font-weight:400\">Auf dem Programm des Konzertes stehen Vocal- und Instrumentalwerke aus mehreren Jahrhunderten. So erklingen u. a. Werke von Vivaldi, Telemann, Mendelssohn Bartholdy und John Rutter, der gegenw\u00e4rtig als einer der bedeutendsten und popul\u00e4rsten Komponisten von Chor- und Kirchenmusik gilt.<\/p>\n\n\n\n<p class=\"has-black-color has-text-color has-link-color wp-elements-4c22ea81b0df8cc313b8f1f973f2e295\" style=\"font-style:normal;font-weight:400\">Das 140. Kerzenkonzert von Brilon Kultour findet mit Unterst\u00fctzung der Firma Oventrop statt. Karten im Vorverkauf gibt es in den Buchhandlungen Prange und Podszun sowie bei der BWT, telefonisch unter 02961 \/ 9699-0 oder per Mail an&nbsp;kultur@brilon.de. Sie kosten im Vorverkauf 16 Euro, an der Abendkasse 18 Euro. Sch\u00fclerinnen und Sch\u00fcler erhalten erm\u00e4\u00dfigte Karten f\u00fcr 10 bzw. 12 Euro. Der Einlass zum Konzert beginnt um 19.30 Uhr.<\/p>\n<\/div><\/div>\n\n\n\n<p style=\"font-style:normal;font-weight:400\"><\/p>\n<\/div><\/div>\n<\/blockquote>\n\n\n\n<figure class=\"wp-block-gallery has-nested-images columns-default is-cropped wp-block-gallery-3 is-layout-flex wp-block-gallery-is-layout-flex\">\n<figure class=\"wp-block-image size-large\"><img loading=\"lazy\" decoding=\"async\" width=\"249\" height=\"250\" data-id=\"85\" src=\"https:\/\/vocalensemble-brilon.de\/wp-content\/uploads\/2020\/04\/cropped-141938450-vocalensemble-brilon-konzert-absage-3MGkcogfee-1-2.jpg\" alt=\"\" class=\"wp-image-85\" srcset=\"https:\/\/vocalensemble-brilon.de\/wp-content\/uploads\/2020\/04\/cropped-141938450-vocalensemble-brilon-konzert-absage-3MGkcogfee-1-2.jpg 249w, https:\/\/vocalensemble-brilon.de\/wp-content\/uploads\/2020\/04\/cropped-141938450-vocalensemble-brilon-konzert-absage-3MGkcogfee-1-2-150x150.jpg 150w, https:\/\/vocalensemble-brilon.de\/wp-content\/uploads\/2020\/04\/cropped-141938450-vocalensemble-brilon-konzert-absage-3MGkcogfee-1-2-100x100.jpg 100w\" sizes=\"auto, (max-width: 249px) 100vw, 249px\" \/><\/figure>\n<\/figure>\n\n\n\n<p><\/p>\n\n\n\n<div class=\"wp-block-group\"><div class=\"wp-block-group__inner-container is-layout-constrained wp-block-group-is-layout-constrained\">\n<div class=\"wp-block-group\"><div class=\"wp-block-group__inner-container is-layout-constrained wp-block-group-is-layout-constrained\">\n<h3 class=\"wp-block-heading\" style=\"font-size:16px\"><strong>Was n\u00fctzt Dir Singen still daheim,<br>Du sollst in einen Chor hinein!<br>Mit anderen Leuten munter schmettern<br>von viel verschied\u00b4nen Notenbl\u00e4ttern.<br>Das macht Spa\u00df, das ist gesund,<br>erfreut den Mensch zu jeder Stund\u00b4.<\/strong><\/h3>\n\n\n\n<h3 class=\"wp-block-heading\" style=\"font-size:16px\"><strong>Die Proben finden jeden Dienstag von 19:30 \u2013 21:00 Uhr in der<\/strong><\/h3>\n\n\n\n<h3 class=\"wp-block-heading\" style=\"font-size:16px\"><strong>Musikschule Hochsauerlandkreis<br>Heinrich-Jansen-Weg 8<br>59929 Brilon<\/strong><\/h3>\n\n\n\n<h3 class=\"wp-block-heading\" style=\"font-size:16px\"><strong>statt.<\/strong><\/h3>\n<\/div><\/div>\n<\/div><\/div>\n\n\n\n<p><\/p>\n","protected":false},"excerpt":{"rendered":"<p>Herz-Kammermusik \u201eDu bist mir so unendlich lieb\u201c &#8211; eine musikalisch-literarische Reise durch das Leben dreier romantischer Seelen: Ehepaar Clara und Robert Schumann sowie ihr Weggef\u00e4hrte Johannes Brahms. Kompositionen f\u00fcr Gesang und Klavier sowie Ausz\u00fcge aus Briefen und Tageb\u00fcchern lassen die Licht- und Schattenseiten dieser drei Seelenverwandten lebendig werden. Freuen Sie sich auf Liebeslieder-Walzer, Klaviermusik zu &hellip; <\/p>\n<p class=\"link-more\"><a href=\"https:\/\/vocalensemble-brilon.de\/\" class=\"more-link\"><span class=\"screen-reader-text\">\u201eStartseite\u201c <\/span>weiterlesen<\/a><\/p>\n","protected":false},"author":1,"featured_media":0,"parent":0,"menu_order":0,"comment_status":"closed","ping_status":"open","template":"","meta":{"footnotes":""},"class_list":["post-4","page","type-page","status-publish","hentry"],"yoast_head":"<!-- This site is optimized with the Yoast SEO plugin v27.4 - https:\/\/yoast.com\/product\/yoast-seo-wordpress\/ -->\n<title>Startseite - Vocalensemble Brilon<\/title>\n<meta name=\"robots\" content=\"index, follow, max-snippet:-1, max-image-preview:large, max-video-preview:-1\" \/>\n<link rel=\"canonical\" href=\"https:\/\/vocalensemble-brilon.de\/\" \/>\n<meta property=\"og:locale\" content=\"de_DE\" \/>\n<meta property=\"og:type\" content=\"article\" \/>\n<meta property=\"og:title\" content=\"Startseite - Vocalensemble Brilon\" \/>\n<meta property=\"og:description\" content=\"Herz-Kammermusik \u201eDu bist mir so unendlich lieb\u201c &#8211; eine musikalisch-literarische Reise durch das Leben dreier romantischer Seelen: Ehepaar Clara und Robert Schumann sowie ihr Weggef\u00e4hrte Johannes Brahms. Kompositionen f\u00fcr Gesang und Klavier sowie Ausz\u00fcge aus Briefen und Tageb\u00fcchern lassen die Licht- und Schattenseiten dieser drei Seelenverwandten lebendig werden. Freuen Sie sich auf Liebeslieder-Walzer, Klaviermusik zu &hellip; \u201eStartseite\u201c weiterlesen\" \/>\n<meta property=\"og:url\" content=\"https:\/\/vocalensemble-brilon.de\/\" \/>\n<meta property=\"og:site_name\" content=\"Vocalensemble Brilon\" \/>\n<meta property=\"article:modified_time\" content=\"2025-11-05T14:02:37+00:00\" \/>\n<meta property=\"og:image\" content=\"https:\/\/vocalensemble-brilon.de\/wp-content\/uploads\/2025\/11\/Herz-Kammermusik_Plakat.jpg\" \/>\n\t<meta property=\"og:image:width\" content=\"1080\" \/>\n\t<meta property=\"og:image:height\" content=\"1523\" \/>\n\t<meta property=\"og:image:type\" content=\"image\/jpeg\" \/>\n<meta name=\"twitter:card\" content=\"summary_large_image\" \/>\n<meta name=\"twitter:label1\" content=\"Gesch\u00e4tzte Lesezeit\" \/>\n\t<meta name=\"twitter:data1\" content=\"4\u00a0Minuten\" \/>\n<script type=\"application\/ld+json\" class=\"yoast-schema-graph\">{\"@context\":\"https:\\\/\\\/schema.org\",\"@graph\":[{\"@type\":\"WebPage\",\"@id\":\"https:\\\/\\\/vocalensemble-brilon.de\\\/\",\"url\":\"https:\\\/\\\/vocalensemble-brilon.de\\\/\",\"name\":\"Startseite - Vocalensemble Brilon\",\"isPartOf\":{\"@id\":\"https:\\\/\\\/vocalensemble-brilon.de\\\/#website\"},\"primaryImageOfPage\":{\"@id\":\"https:\\\/\\\/vocalensemble-brilon.de\\\/#primaryimage\"},\"image\":{\"@id\":\"https:\\\/\\\/vocalensemble-brilon.de\\\/#primaryimage\"},\"thumbnailUrl\":\"https:\\\/\\\/vocalensemble-brilon.de\\\/wp-content\\\/uploads\\\/2025\\\/11\\\/Herz-Kammermusik_Plakat-726x1024.jpg\",\"datePublished\":\"2020-04-01T21:12:28+00:00\",\"dateModified\":\"2025-11-05T14:02:37+00:00\",\"breadcrumb\":{\"@id\":\"https:\\\/\\\/vocalensemble-brilon.de\\\/#breadcrumb\"},\"inLanguage\":\"de\",\"potentialAction\":[{\"@type\":\"ReadAction\",\"target\":[\"https:\\\/\\\/vocalensemble-brilon.de\\\/\"]}]},{\"@type\":\"ImageObject\",\"inLanguage\":\"de\",\"@id\":\"https:\\\/\\\/vocalensemble-brilon.de\\\/#primaryimage\",\"url\":\"https:\\\/\\\/vocalensemble-brilon.de\\\/wp-content\\\/uploads\\\/2025\\\/11\\\/Herz-Kammermusik_Plakat.jpg\",\"contentUrl\":\"https:\\\/\\\/vocalensemble-brilon.de\\\/wp-content\\\/uploads\\\/2025\\\/11\\\/Herz-Kammermusik_Plakat.jpg\",\"width\":1080,\"height\":1523},{\"@type\":\"BreadcrumbList\",\"@id\":\"https:\\\/\\\/vocalensemble-brilon.de\\\/#breadcrumb\",\"itemListElement\":[{\"@type\":\"ListItem\",\"position\":1,\"name\":\"Startseite\",\"item\":\"https:\\\/\\\/vocalensemble-brilon.de\\\/\"},{\"@type\":\"ListItem\",\"position\":2,\"name\":\"Startseite\"}]},{\"@type\":\"WebSite\",\"@id\":\"https:\\\/\\\/vocalensemble-brilon.de\\\/#website\",\"url\":\"https:\\\/\\\/vocalensemble-brilon.de\\\/\",\"name\":\"Vocalensemble Brilon\",\"description\":\"\",\"potentialAction\":[{\"@type\":\"SearchAction\",\"target\":{\"@type\":\"EntryPoint\",\"urlTemplate\":\"https:\\\/\\\/vocalensemble-brilon.de\\\/?s={search_term_string}\"},\"query-input\":{\"@type\":\"PropertyValueSpecification\",\"valueRequired\":true,\"valueName\":\"search_term_string\"}}],\"inLanguage\":\"de\"}]}<\/script>\n<!-- \/ Yoast SEO plugin. -->","yoast_head_json":{"title":"Startseite - Vocalensemble Brilon","robots":{"index":"index","follow":"follow","max-snippet":"max-snippet:-1","max-image-preview":"max-image-preview:large","max-video-preview":"max-video-preview:-1"},"canonical":"https:\/\/vocalensemble-brilon.de\/","og_locale":"de_DE","og_type":"article","og_title":"Startseite - Vocalensemble Brilon","og_description":"Herz-Kammermusik \u201eDu bist mir so unendlich lieb\u201c &#8211; eine musikalisch-literarische Reise durch das Leben dreier romantischer Seelen: Ehepaar Clara und Robert Schumann sowie ihr Weggef\u00e4hrte Johannes Brahms. Kompositionen f\u00fcr Gesang und Klavier sowie Ausz\u00fcge aus Briefen und Tageb\u00fcchern lassen die Licht- und Schattenseiten dieser drei Seelenverwandten lebendig werden. Freuen Sie sich auf Liebeslieder-Walzer, Klaviermusik zu &hellip; \u201eStartseite\u201c weiterlesen","og_url":"https:\/\/vocalensemble-brilon.de\/","og_site_name":"Vocalensemble Brilon","article_modified_time":"2025-11-05T14:02:37+00:00","og_image":[{"width":1080,"height":1523,"url":"https:\/\/vocalensemble-brilon.de\/wp-content\/uploads\/2025\/11\/Herz-Kammermusik_Plakat.jpg","type":"image\/jpeg"}],"twitter_card":"summary_large_image","twitter_misc":{"Gesch\u00e4tzte Lesezeit":"4\u00a0Minuten"},"schema":{"@context":"https:\/\/schema.org","@graph":[{"@type":"WebPage","@id":"https:\/\/vocalensemble-brilon.de\/","url":"https:\/\/vocalensemble-brilon.de\/","name":"Startseite - Vocalensemble Brilon","isPartOf":{"@id":"https:\/\/vocalensemble-brilon.de\/#website"},"primaryImageOfPage":{"@id":"https:\/\/vocalensemble-brilon.de\/#primaryimage"},"image":{"@id":"https:\/\/vocalensemble-brilon.de\/#primaryimage"},"thumbnailUrl":"https:\/\/vocalensemble-brilon.de\/wp-content\/uploads\/2025\/11\/Herz-Kammermusik_Plakat-726x1024.jpg","datePublished":"2020-04-01T21:12:28+00:00","dateModified":"2025-11-05T14:02:37+00:00","breadcrumb":{"@id":"https:\/\/vocalensemble-brilon.de\/#breadcrumb"},"inLanguage":"de","potentialAction":[{"@type":"ReadAction","target":["https:\/\/vocalensemble-brilon.de\/"]}]},{"@type":"ImageObject","inLanguage":"de","@id":"https:\/\/vocalensemble-brilon.de\/#primaryimage","url":"https:\/\/vocalensemble-brilon.de\/wp-content\/uploads\/2025\/11\/Herz-Kammermusik_Plakat.jpg","contentUrl":"https:\/\/vocalensemble-brilon.de\/wp-content\/uploads\/2025\/11\/Herz-Kammermusik_Plakat.jpg","width":1080,"height":1523},{"@type":"BreadcrumbList","@id":"https:\/\/vocalensemble-brilon.de\/#breadcrumb","itemListElement":[{"@type":"ListItem","position":1,"name":"Startseite","item":"https:\/\/vocalensemble-brilon.de\/"},{"@type":"ListItem","position":2,"name":"Startseite"}]},{"@type":"WebSite","@id":"https:\/\/vocalensemble-brilon.de\/#website","url":"https:\/\/vocalensemble-brilon.de\/","name":"Vocalensemble Brilon","description":"","potentialAction":[{"@type":"SearchAction","target":{"@type":"EntryPoint","urlTemplate":"https:\/\/vocalensemble-brilon.de\/?s={search_term_string}"},"query-input":{"@type":"PropertyValueSpecification","valueRequired":true,"valueName":"search_term_string"}}],"inLanguage":"de"}]}},"_links":{"self":[{"href":"https:\/\/vocalensemble-brilon.de\/index.php?rest_route=\/wp\/v2\/pages\/4","targetHints":{"allow":["GET"]}}],"collection":[{"href":"https:\/\/vocalensemble-brilon.de\/index.php?rest_route=\/wp\/v2\/pages"}],"about":[{"href":"https:\/\/vocalensemble-brilon.de\/index.php?rest_route=\/wp\/v2\/types\/page"}],"author":[{"embeddable":true,"href":"https:\/\/vocalensemble-brilon.de\/index.php?rest_route=\/wp\/v2\/users\/1"}],"replies":[{"embeddable":true,"href":"https:\/\/vocalensemble-brilon.de\/index.php?rest_route=%2Fwp%2Fv2%2Fcomments&post=4"}],"version-history":[{"count":99,"href":"https:\/\/vocalensemble-brilon.de\/index.php?rest_route=\/wp\/v2\/pages\/4\/revisions"}],"predecessor-version":[{"id":480,"href":"https:\/\/vocalensemble-brilon.de\/index.php?rest_route=\/wp\/v2\/pages\/4\/revisions\/480"}],"wp:attachment":[{"href":"https:\/\/vocalensemble-brilon.de\/index.php?rest_route=%2Fwp%2Fv2%2Fmedia&parent=4"}],"curies":[{"name":"wp","href":"https:\/\/api.w.org\/{rel}","templated":true}]}}